{"id":1723,"date":"2026-04-12T02:35:12","date_gmt":"2026-04-12T00:35:12","guid":{"rendered":"https:\/\/foraivisibility.com\/?page_id=1723"},"modified":"2026-04-12T02:35:12","modified_gmt":"2026-04-12T00:35:12","slug":"ai-systems-builder","status":"publish","type":"page","link":"https:\/\/foraivisibility.com\/en\/ai-systems-builder","title":{"rendered":"AI SYSTEMS BUILDER\u2122"},"content":{"rendered":"<div class=\"wp-block-cover alignfull\"><img loading=\"lazy\" decoding=\"async\" width=\"1536\" height=\"1024\" class=\"wp-block-cover__image-background wp-image-1681 size-full\" alt=\"\" src=\"https:\/\/foraivisibility.com\/wp-content\/uploads\/2026\/04\/back_worrks.png\" data-object-fit=\"cover\" srcset=\"https:\/\/foraivisibility.com\/wp-content\/uploads\/2026\/04\/back_worrks.png 1536w, https:\/\/foraivisibility.com\/wp-content\/uploads\/2026\/04\/back_worrks-300x200.png 300w, https:\/\/foraivisibility.com\/wp-content\/uploads\/2026\/04\/back_worrks-1024x683.png 1024w, https:\/\/foraivisibility.com\/wp-content\/uploads\/2026\/04\/back_worrks-768x512.png 768w, https:\/\/foraivisibility.com\/wp-content\/uploads\/2026\/04\/back_worrks-930x620.png 930w\" sizes=\"auto, (max-width: 1536px) 100vw, 1536px\" \/><span aria-hidden=\"true\" class=\"wp-block-cover__background has-nv-dark-bg-background-color has-background-dim-70 has-background-dim\"><\/span><div class=\"wp-block-cover__inner-container is-layout-flow wp-block-cover-is-layout-flow\">\n<div style=\"height:100px\" aria-hidden=\"true\" class=\"wp-block-spacer\"><\/div>\n\n\n\n<h1 class=\"wp-block-heading has-text-align-center has-white-color has-text-color\"><strong><strong><strong><strong>AI SYSTEMS BUILDER\u2122<\/strong><\/strong><\/strong><\/strong><\/h1>\n\n\n\n<h2 class=\"wp-block-heading has-text-align-center has-large-font-size\">No es usar IA. Es construir con ella e integrarla en tu negocio.<\/h2>\n\n\n\n<div style=\"height:100px\" aria-hidden=\"true\" class=\"wp-block-spacer\"><\/div>\n<\/div><\/div>\n\n\n\n<div class=\"wp-block-columns alignfull has-nv-dark-bg-color has-nv-light-bg-background-color has-text-color has-background has-link-color wp-elements-eab30088edb6b446664832fb3b14d7f1 is-layout-flex wp-container-core-columns-is-layout-62db62f3 wp-block-columns-is-layout-flex\" style=\"border-style:none;border-width:0px;padding-top:0;padding-bottom:0\">\n<div class=\"wp-block-column has-nv-dark-bg-color has-nv-light-bg-background-color has-text-color has-background has-link-color wp-elements-7dd1e9f108850c2b642e4b2f970d9fc2 is-layout-flow wp-block-column-is-layout-flow\" style=\"flex-basis:100%\">\n<div style=\"height:100px\" aria-hidden=\"true\" class=\"wp-block-spacer\"><\/div>\n\n\n\n<div class=\"wp-block-columns alignwide has-nv-dark-bg-color has-text-color has-link-color wp-elements-18035e559f123262a6ee2795a9390bcd is-layout-flex wp-container-core-columns-is-layout-9d6595d7 wp-block-columns-is-layout-flex\">\n<div class=\"wp-block-column has-nv-dark-bg-color has-text-color has-link-color wp-elements-99d6331a082f1f71c3d8ae026594f886 is-layout-flow wp-block-column-is-layout-flow\">\n<h2 class=\"wp-block-heading alignwide has-text-align-left has-nv-dark-bg-color has-text-color has-link-color wp-elements-5aeddc9ace2889a30410879f4f485975\"><strong><strong>\ud83e\udde0 WE ARE LOOKING FOR: <strong><strong><strong><strong><strong>AI SYSTEMS BUILDER\u2122<\/strong><\/strong><\/strong><\/strong><\/strong><\/strong><\/strong><\/h2>\n\n\n\n<p>Usar IA es f\u00e1cil.<\/p>\n\n\n\n<p>Construir con IA\u2026 no tanto.<\/p>\n\n\n\n<p>La diferencia no est\u00e1 en las herramientas. Est\u00e1 en c\u00f3mo se conectan y se integran en tu negocio.<\/p>\n\n\n\n<h3 class=\"wp-block-heading\"><strong>\ud83d\udc6b We will add:<\/strong><\/h3>\n\n\n\n<p>Un perfil que no usa IA.<br>\ud83d\udc49 Construye con ella.<\/p>\n\n\n\n<h3 class=\"wp-block-heading\"><strong>\u2753 Questions for you:<\/strong><\/h3>\n\n\n\n<ul class=\"wp-block-list\">\n<li>\u00bfTe interesa m\u00e1s crear que consumir herramientas?<\/li>\n\n\n\n<li>\u00bfTe frustran las soluciones gen\u00e9ricas?<\/li>\n\n\n\n<li>\u00bfTe gusta conectar sistemas?<\/li>\n\n\n\n<li>\u00bfVes oportunidades de automatizaci\u00f3n constantemente?<\/li>\n<\/ul>\n\n\n\n<h3 class=\"wp-block-heading\"><strong>\ud83e\udded What will you do:<\/strong><\/h3>\n\n\n\n<ul class=\"wp-block-list\">\n<li>Dise\u00f1ar sistemas con IA<\/li>\n\n\n\n<li>Crear agentes y automatizaciones<\/li>\n\n\n\n<li>Conectar herramientas y procesos<\/li>\n\n\n\n<li>Construir soluciones reales<\/li>\n<\/ul>\n\n\n\n<p>\ud83d\udc49 Aqu\u00ed no se experimenta<br>\ud83d\udc49 Se construye<\/p>\n\n\n\n<h3 class=\"wp-block-heading\"><strong>\ud83c\udf0d About FAIV\u2122<\/strong><\/h3>\n\n\n\n<p>Trabajamos con marcas que necesitan entender c\u00f3mo est\u00e1n siendo percibidas en un nuevo entorno.<\/p>\n\n\n\n<h3 class=\"wp-block-heading\"><strong>\ud83d\udce9 If you&#039;re interested:<\/strong><\/h3>\n\n\n\n<p>Send us your CV or profile to: <a href=\"mailto:faiv@foraivisibility.com\"><strong>faiv@foraivisibility.com<\/strong><\/a><\/p>\n\n\n\n<h3 class=\"wp-block-heading\"><strong>And tell us:<\/strong><\/h3>\n\n\n\n<p>\ud83d\udc49 Qu\u00e9 has construido que realmente haya funcionado<br>\ud83d\udc49 y qu\u00e9 har\u00edas diferente hoy con IA<\/p>\n\n\n\n<p>\ud83d\udca1 No se trata de usar herramientas. Se trata de construir sistemas.<\/p>\n\n\n\n<p>This isn&#039;t for everyone. And that&#039;s okay.<\/p>\n<\/div>\n<\/div>\n\n\n\n<div style=\"height:100px\" aria-hidden=\"true\" class=\"wp-block-spacer\"><\/div>\n<\/div>\n<\/div>\n\n\n\n<div class=\"wp-block-cover alignfull\"><span aria-hidden=\"true\" class=\"wp-block-cover__background has-nv-dark-bg-background-color has-background-dim-100 has-background-dim\"><\/span><div class=\"wp-block-cover__inner-container is-layout-flow wp-block-cover-is-layout-flow\">\n<div style=\"height:100px\" aria-hidden=\"true\" class=\"wp-block-spacer\"><\/div>\n\n\n<div class=\"wp-block-image is-style-rounded\">\n<figure class=\"aligncenter size-thumbnail\"><a href=\"https:\/\/foraivisibility.com\/en\/\"><img loading=\"lazy\" decoding=\"async\" width=\"150\" height=\"150\" src=\"https:\/\/foraivisibility.com\/wp-content\/uploads\/2025\/04\/favicon_lk-150x150.png\" alt=\"FAIV\" class=\"wp-image-464\" srcset=\"https:\/\/foraivisibility.com\/wp-content\/uploads\/2025\/04\/favicon_lk-150x150.png 150w, https:\/\/foraivisibility.com\/wp-content\/uploads\/2025\/04\/favicon_lk.png 300w\" sizes=\"auto, (max-width: 150px) 100vw, 150px\" \/><\/a><\/figure>\n<\/div>\n\n\n<div style=\"height:15px\" aria-hidden=\"true\" class=\"wp-block-spacer\"><\/div>\n\n\n\n<p class=\"has-text-align-center has-custom-3-color has-text-color has-link-color has-medium-font-size wp-elements-d411ba0ac65c0234a25cbdc9e74ba40c\" style=\"text-transform:uppercase\"><strong><strong><mark style=\"background-color:rgba(0, 0, 0, 0)\" class=\"has-inline-color has-neve-link-color-color\">FAIV\u2122<\/mark><\/strong><mark style=\"background-color:rgba(0, 0, 0, 0)\" class=\"has-inline-color has-nv-light-bg-color\"> For<\/mark> <mark style=\"background-color:rgba(0, 0, 0, 0)\" class=\"has-inline-color has-neve-link-color-color\"><\/mark><mark style=\"background-color:rgba(0, 0, 0, 0)\" class=\"has-inline-color has-neve-link-color-color\">AI <\/mark><mark style=\"background-color:rgba(0, 0, 0, 0)\" class=\"has-inline-color has-nv-light-bg-color\">Visibility<\/mark><\/strong><\/p>\n\n\n\n<p class=\"has-text-align-center has-nv-site-bg-color has-text-color has-link-color has-small-font-size wp-elements-c220d24769b976d3ebacadb11d19e29f\" style=\"text-transform:uppercase\"><strong>We help brands become visible, trusted, and recommended by AI.<\/strong><\/p>\n\n\n\n<p class=\"has-text-align-center has-small-font-size\" style=\"text-transform:uppercase\"><a href=\"https:\/\/foraivisibility.com\/en\/experiencia-faiv\/\">The Experience Behind FAIV\u2122<\/a><br><mark style=\"background-color:rgba(0, 0, 0, 0)\" class=\"has-inline-color has-nv-light-bg-color\">All rights reserved | FAIV\u2122 For AI VISIBILITY | Copyright \u00a92026<\/mark><mark style=\"background-color:rgba(0, 0, 0, 0)\" class=\"has-inline-color has-custom-3-color\"><br><a href=\"https:\/\/www.linkedin.com\/company\/foraivisibility\" target=\"_blank\" rel=\"noreferrer noopener\">LinkedIn<\/a>&nbsp;|&nbsp;<a href=\"https:\/\/www.instagram.com\/foraivisibility\" target=\"_blank\" rel=\"noreferrer noopener\">Instagram<\/a><\/mark><\/p>\n\n\n\n<p class=\"has-text-align-center has-small-font-size\"><a href=\"https:\/\/foraivisibility.com\/en\/politica-de-privacidad\/\" target=\"_blank\" rel=\"noreferrer noopener\">Privacy Policy<\/a> | <a href=\"https:\/\/foraivisibility.com\/en\/politica-de-cookies\/\" target=\"_blank\" rel=\"noreferrer noopener\">Cookie Policy<\/a> | <a href=\"https:\/\/foraivisibility.com\/en\/aviso-legal\/\" target=\"_blank\" rel=\"noreferrer noopener\">Legal Notice<\/a><\/p>\n\n\n\n<div style=\"height:100px\" aria-hidden=\"true\" class=\"wp-block-spacer\"><\/div>\n<\/div><\/div>","protected":false},"excerpt":{"rendered":"<p>\ud83e\udde0 BUSCAMOS: AI SYSTEMS BUILDER\u2122 Usar IA es f\u00e1cil. Construir con IA\u2026 no tanto. La diferencia no est\u00e1 en las herramientas. Est\u00e1 en c\u00f3mo se conectan y se integran en tu negocio. \ud83d\udc6b Sumaremos: Un perfil que no usa IA.\ud83d\udc49 Construye con ella. \u2753 Preguntas para ti: \ud83e\udded Qu\u00e9 har\u00e1s: \ud83d\udc49 Aqu\u00ed no se experimenta\ud83d\udc49&hellip;&nbsp;<a href=\"https:\/\/foraivisibility.com\/en\/ai-systems-builder\" rel=\"bookmark\">Read More &raquo;<span class=\"screen-reader-text\">AI SYSTEMS BUILDER\u2122<\/span><\/a><\/p>","protected":false},"author":1,"featured_media":464,"parent":0,"menu_order":0,"comment_status":"closed","ping_status":"closed","template":"","meta":{"content-type":"","neve_meta_sidebar":"","neve_meta_container":"","neve_meta_enable_content_width":"on","neve_meta_content_width":100,"neve_meta_title_alignment":"","neve_meta_author_avatar":"","neve_post_elements_order":"","neve_meta_disable_header":"","neve_meta_disable_footer":"","neve_meta_disable_title":"on","footnotes":""},"class_list":["post-1723","page","type-page","status-publish","has-post-thumbnail","hentry"],"yoast_head":"<!-- This site is optimized with the Yoast SEO plugin v27.4 - https:\/\/yoast.com\/product\/yoast-seo-wordpress\/ -->\n<title>AI SYSTEMS BUILDER<\/title>\n<meta name=\"description\" content=\"AI SYSTEMS BUILDER. &quot;No es usar IA. Es construir con ella e integrarla en tu negocio.&quot; Trabajar en FAIV\u2122 no es para todos.\" \/>\n<meta name=\"robots\" content=\"index, follow, max-snippet:-1, max-image-preview:large, max-video-preview:-1\" \/>\n<link rel=\"canonical\" href=\"https:\/\/foraivisibility.com\/en\/ai-systems-builder\/\" \/>\n<meta property=\"og:locale\" content=\"en_US\" \/>\n<meta property=\"og:type\" content=\"article\" \/>\n<meta property=\"og:title\" content=\"AI SYSTEMS BUILDER\" \/>\n<meta property=\"og:description\" content=\"AI SYSTEMS BUILDER. &quot;No es usar IA. Es construir con ella e integrarla en tu negocio.&quot; Trabajar en FAIV\u2122 no es para todos.\" \/>\n<meta property=\"og:url\" content=\"https:\/\/foraivisibility.com\/en\/ai-systems-builder\/\" \/>\n<meta property=\"og:site_name\" content=\"FAIV\u2122 | FOR AI VISIBILITY\" \/>\n<meta property=\"og:image\" content=\"https:\/\/foraivisibility.com\/wp-content\/uploads\/2025\/04\/favicon_lk.png\" \/>\n\t<meta property=\"og:image:width\" content=\"300\" \/>\n\t<meta property=\"og:image:height\" content=\"300\" \/>\n\t<meta property=\"og:image:type\" content=\"image\/png\" \/>\n<meta name=\"twitter:card\" content=\"summary_large_image\" \/>\n<meta name=\"twitter:label1\" content=\"Est. reading time\" \/>\n\t<meta name=\"twitter:data1\" content=\"2 minutes\" \/>\n<script type=\"application\/ld+json\" class=\"yoast-schema-graph\">{\"@context\":\"https:\\\/\\\/schema.org\",\"@graph\":[{\"@type\":\"Article\",\"@id\":\"https:\\\/\\\/foraivisibility.com\\\/ai-systems-builder#article\",\"isPartOf\":{\"@id\":\"https:\\\/\\\/foraivisibility.com\\\/ai-systems-builder\"},\"author\":{\"name\":\"miltonix@gmail.com\",\"@id\":\"https:\\\/\\\/foraivisibility.com\\\/#\\\/schema\\\/person\\\/35016e297057dcd0dbe533b5b64adc27\"},\"headline\":\"AI SYSTEMS BUILDER\u2122\",\"datePublished\":\"2026-04-12T00:35:12+00:00\",\"mainEntityOfPage\":{\"@id\":\"https:\\\/\\\/foraivisibility.com\\\/ai-systems-builder\"},\"wordCount\":187,\"publisher\":{\"@id\":\"https:\\\/\\\/foraivisibility.com\\\/#organization\"},\"image\":{\"@id\":\"https:\\\/\\\/foraivisibility.com\\\/ai-systems-builder#primaryimage\"},\"thumbnailUrl\":\"https:\\\/\\\/foraivisibility.com\\\/wp-content\\\/uploads\\\/2025\\\/04\\\/favicon_lk.png\",\"inLanguage\":\"en-US\"},{\"@type\":[\"WebPage\",\"AboutPage\"],\"@id\":\"https:\\\/\\\/foraivisibility.com\\\/ai-systems-builder\",\"url\":\"https:\\\/\\\/foraivisibility.com\\\/ai-systems-builder\",\"name\":\"AI SYSTEMS BUILDER\",\"isPartOf\":{\"@id\":\"https:\\\/\\\/foraivisibility.com\\\/#website\"},\"primaryImageOfPage\":{\"@id\":\"https:\\\/\\\/foraivisibility.com\\\/ai-systems-builder#primaryimage\"},\"image\":{\"@id\":\"https:\\\/\\\/foraivisibility.com\\\/ai-systems-builder#primaryimage\"},\"thumbnailUrl\":\"https:\\\/\\\/foraivisibility.com\\\/wp-content\\\/uploads\\\/2025\\\/04\\\/favicon_lk.png\",\"datePublished\":\"2026-04-12T00:35:12+00:00\",\"description\":\"AI SYSTEMS BUILDER. \\\"No es usar IA. Es construir con ella e integrarla en tu negocio.\\\" Trabajar en FAIV\u2122 no es para todos.\",\"breadcrumb\":{\"@id\":\"https:\\\/\\\/foraivisibility.com\\\/ai-systems-builder#breadcrumb\"},\"inLanguage\":\"en-US\",\"potentialAction\":[{\"@type\":\"ReadAction\",\"target\":[\"https:\\\/\\\/foraivisibility.com\\\/ai-systems-builder\"]}]},{\"@type\":\"ImageObject\",\"inLanguage\":\"en-US\",\"@id\":\"https:\\\/\\\/foraivisibility.com\\\/ai-systems-builder#primaryimage\",\"url\":\"https:\\\/\\\/foraivisibility.com\\\/wp-content\\\/uploads\\\/2025\\\/04\\\/favicon_lk.png\",\"contentUrl\":\"https:\\\/\\\/foraivisibility.com\\\/wp-content\\\/uploads\\\/2025\\\/04\\\/favicon_lk.png\",\"width\":300,\"height\":300,\"caption\":\"Aviso Legal\"},{\"@type\":\"BreadcrumbList\",\"@id\":\"https:\\\/\\\/foraivisibility.com\\\/ai-systems-builder#breadcrumb\",\"itemListElement\":[{\"@type\":\"ListItem\",\"position\":1,\"name\":\"Portada\",\"item\":\"https:\\\/\\\/foraivisibility.com\\\/\"},{\"@type\":\"ListItem\",\"position\":2,\"name\":\"AI SYSTEMS BUILDER\u2122\"}]},{\"@type\":\"WebSite\",\"@id\":\"https:\\\/\\\/foraivisibility.com\\\/#website\",\"url\":\"https:\\\/\\\/foraivisibility.com\\\/\",\"name\":\"FAIV\u2122 | FOR AI VISIBILITY\",\"description\":\"GEO | GEM | AI POSITIONING\",\"publisher\":{\"@id\":\"https:\\\/\\\/foraivisibility.com\\\/#organization\"},\"alternateName\":\"FAIV\",\"potentialAction\":[{\"@type\":\"SearchAction\",\"target\":{\"@type\":\"EntryPoint\",\"urlTemplate\":\"https:\\\/\\\/foraivisibility.com\\\/?s={search_term_string}\"},\"query-input\":{\"@type\":\"PropertyValueSpecification\",\"valueRequired\":true,\"valueName\":\"search_term_string\"}}],\"inLanguage\":\"en-US\"},{\"@type\":\"Organization\",\"@id\":\"https:\\\/\\\/foraivisibility.com\\\/#organization\",\"name\":\"FAIV\u2122 | FOR AI VISIBILITY\",\"alternateName\":\"FAIV\",\"url\":\"https:\\\/\\\/foraivisibility.com\\\/\",\"logo\":{\"@type\":\"ImageObject\",\"inLanguage\":\"en-US\",\"@id\":\"https:\\\/\\\/foraivisibility.com\\\/#\\\/schema\\\/logo\\\/image\\\/\",\"url\":\"https:\\\/\\\/foraivisibility.com\\\/wp-content\\\/uploads\\\/2025\\\/04\\\/favicon_lk.png\",\"contentUrl\":\"https:\\\/\\\/foraivisibility.com\\\/wp-content\\\/uploads\\\/2025\\\/04\\\/favicon_lk.png\",\"width\":300,\"height\":300,\"caption\":\"FAIV\u2122 | FOR AI VISIBILITY\"},\"image\":{\"@id\":\"https:\\\/\\\/foraivisibility.com\\\/#\\\/schema\\\/logo\\\/image\\\/\"},\"sameAs\":[\"https:\\\/\\\/www.instagram.com\\\/foraivisibility\",\"https:\\\/\\\/www.linkedin.com\\\/company\\\/foraivisibility\"]},{\"@type\":\"Person\",\"@id\":\"https:\\\/\\\/foraivisibility.com\\\/#\\\/schema\\\/person\\\/35016e297057dcd0dbe533b5b64adc27\",\"name\":\"miltonix@gmail.com\",\"image\":{\"@type\":\"ImageObject\",\"inLanguage\":\"en-US\",\"@id\":\"https:\\\/\\\/secure.gravatar.com\\\/avatar\\\/0cb1693b1e5fda5e76a80f94fa3bba38cce752e6b344e390b8cd58ab322cb672?s=96&d=mm&r=g\",\"url\":\"https:\\\/\\\/secure.gravatar.com\\\/avatar\\\/0cb1693b1e5fda5e76a80f94fa3bba38cce752e6b344e390b8cd58ab322cb672?s=96&d=mm&r=g\",\"contentUrl\":\"https:\\\/\\\/secure.gravatar.com\\\/avatar\\\/0cb1693b1e5fda5e76a80f94fa3bba38cce752e6b344e390b8cd58ab322cb672?s=96&d=mm&r=g\",\"caption\":\"miltonix@gmail.com\"},\"sameAs\":[\"http:\\\/\\\/foraivisibility.com\",\"https:\\\/\\\/www.instagram.com\\\/foraivisibility\",\"https:\\\/\\\/www.linkedin.com\\\/company\\\/foraivisbility\\\/\"],\"url\":\"https:\\\/\\\/foraivisibility.com\\\/en\\\/author\\\/miltonixgmail-com\"}]}<\/script>\n<!-- \/ Yoast SEO plugin. -->","yoast_head_json":{"title":"AI SYSTEMS BUILDER","description":"AI SYSTEMS BUILDER. \"No es usar IA. Es construir con ella e integrarla en tu negocio.\" Trabajar en FAIV\u2122 no es para todos.","robots":{"index":"index","follow":"follow","max-snippet":"max-snippet:-1","max-image-preview":"max-image-preview:large","max-video-preview":"max-video-preview:-1"},"canonical":"https:\/\/foraivisibility.com\/en\/ai-systems-builder\/","og_locale":"en_US","og_type":"article","og_title":"AI SYSTEMS BUILDER","og_description":"AI SYSTEMS BUILDER. \"No es usar IA. Es construir con ella e integrarla en tu negocio.\" Trabajar en FAIV\u2122 no es para todos.","og_url":"https:\/\/foraivisibility.com\/en\/ai-systems-builder\/","og_site_name":"FAIV\u2122 | FOR AI VISIBILITY","og_image":[{"width":300,"height":300,"url":"https:\/\/foraivisibility.com\/wp-content\/uploads\/2025\/04\/favicon_lk.png","type":"image\/png"}],"twitter_card":"summary_large_image","twitter_misc":{"Est. reading time":"2 minutes"},"schema":{"@context":"https:\/\/schema.org","@graph":[{"@type":"Article","@id":"https:\/\/foraivisibility.com\/ai-systems-builder#article","isPartOf":{"@id":"https:\/\/foraivisibility.com\/ai-systems-builder"},"author":{"name":"miltonix@gmail.com","@id":"https:\/\/foraivisibility.com\/#\/schema\/person\/35016e297057dcd0dbe533b5b64adc27"},"headline":"AI SYSTEMS BUILDER\u2122","datePublished":"2026-04-12T00:35:12+00:00","mainEntityOfPage":{"@id":"https:\/\/foraivisibility.com\/ai-systems-builder"},"wordCount":187,"publisher":{"@id":"https:\/\/foraivisibility.com\/#organization"},"image":{"@id":"https:\/\/foraivisibility.com\/ai-systems-builder#primaryimage"},"thumbnailUrl":"https:\/\/foraivisibility.com\/wp-content\/uploads\/2025\/04\/favicon_lk.png","inLanguage":"en-US"},{"@type":["WebPage","AboutPage"],"@id":"https:\/\/foraivisibility.com\/ai-systems-builder","url":"https:\/\/foraivisibility.com\/ai-systems-builder","name":"AI SYSTEMS BUILDER","isPartOf":{"@id":"https:\/\/foraivisibility.com\/#website"},"primaryImageOfPage":{"@id":"https:\/\/foraivisibility.com\/ai-systems-builder#primaryimage"},"image":{"@id":"https:\/\/foraivisibility.com\/ai-systems-builder#primaryimage"},"thumbnailUrl":"https:\/\/foraivisibility.com\/wp-content\/uploads\/2025\/04\/favicon_lk.png","datePublished":"2026-04-12T00:35:12+00:00","description":"AI SYSTEMS BUILDER. \"No es usar IA. Es construir con ella e integrarla en tu negocio.\" Trabajar en FAIV\u2122 no es para todos.","breadcrumb":{"@id":"https:\/\/foraivisibility.com\/ai-systems-builder#breadcrumb"},"inLanguage":"en-US","potentialAction":[{"@type":"ReadAction","target":["https:\/\/foraivisibility.com\/ai-systems-builder"]}]},{"@type":"ImageObject","inLanguage":"en-US","@id":"https:\/\/foraivisibility.com\/ai-systems-builder#primaryimage","url":"https:\/\/foraivisibility.com\/wp-content\/uploads\/2025\/04\/favicon_lk.png","contentUrl":"https:\/\/foraivisibility.com\/wp-content\/uploads\/2025\/04\/favicon_lk.png","width":300,"height":300,"caption":"Aviso Legal"},{"@type":"BreadcrumbList","@id":"https:\/\/foraivisibility.com\/ai-systems-builder#breadcrumb","itemListElement":[{"@type":"ListItem","position":1,"name":"Portada","item":"https:\/\/foraivisibility.com\/"},{"@type":"ListItem","position":2,"name":"AI SYSTEMS BUILDER\u2122"}]},{"@type":"WebSite","@id":"https:\/\/foraivisibility.com\/#website","url":"https:\/\/foraivisibility.com\/","name":"FAIV\u2122 | FOR AI VISIBILITY","description":"GEO | GEM | AI POSITIONING","publisher":{"@id":"https:\/\/foraivisibility.com\/#organization"},"alternateName":"FAIV","potentialAction":[{"@type":"SearchAction","target":{"@type":"EntryPoint","urlTemplate":"https:\/\/foraivisibility.com\/?s={search_term_string}"},"query-input":{"@type":"PropertyValueSpecification","valueRequired":true,"valueName":"search_term_string"}}],"inLanguage":"en-US"},{"@type":"Organization","@id":"https:\/\/foraivisibility.com\/#organization","name":"FAIV\u2122 | FOR AI VISIBILITY","alternateName":"FAIV","url":"https:\/\/foraivisibility.com\/","logo":{"@type":"ImageObject","inLanguage":"en-US","@id":"https:\/\/foraivisibility.com\/#\/schema\/logo\/image\/","url":"https:\/\/foraivisibility.com\/wp-content\/uploads\/2025\/04\/favicon_lk.png","contentUrl":"https:\/\/foraivisibility.com\/wp-content\/uploads\/2025\/04\/favicon_lk.png","width":300,"height":300,"caption":"FAIV\u2122 | FOR AI VISIBILITY"},"image":{"@id":"https:\/\/foraivisibility.com\/#\/schema\/logo\/image\/"},"sameAs":["https:\/\/www.instagram.com\/foraivisibility","https:\/\/www.linkedin.com\/company\/foraivisibility"]},{"@type":"Person","@id":"https:\/\/foraivisibility.com\/#\/schema\/person\/35016e297057dcd0dbe533b5b64adc27","name":"miltonix@gmail.com","image":{"@type":"ImageObject","inLanguage":"en-US","@id":"https:\/\/secure.gravatar.com\/avatar\/0cb1693b1e5fda5e76a80f94fa3bba38cce752e6b344e390b8cd58ab322cb672?s=96&d=mm&r=g","url":"https:\/\/secure.gravatar.com\/avatar\/0cb1693b1e5fda5e76a80f94fa3bba38cce752e6b344e390b8cd58ab322cb672?s=96&d=mm&r=g","contentUrl":"https:\/\/secure.gravatar.com\/avatar\/0cb1693b1e5fda5e76a80f94fa3bba38cce752e6b344e390b8cd58ab322cb672?s=96&d=mm&r=g","caption":"miltonix@gmail.com"},"sameAs":["http:\/\/foraivisibility.com","https:\/\/www.instagram.com\/foraivisibility","https:\/\/www.linkedin.com\/company\/foraivisbility\/"],"url":"https:\/\/foraivisibility.com\/en\/author\/miltonixgmail-com"}]}},"_links":{"self":[{"href":"https:\/\/foraivisibility.com\/en\/wp-json\/wp\/v2\/pages\/1723","targetHints":{"allow":["GET"]}}],"collection":[{"href":"https:\/\/foraivisibility.com\/en\/wp-json\/wp\/v2\/pages"}],"about":[{"href":"https:\/\/foraivisibility.com\/en\/wp-json\/wp\/v2\/types\/page"}],"author":[{"embeddable":true,"href":"https:\/\/foraivisibility.com\/en\/wp-json\/wp\/v2\/users\/1"}],"replies":[{"embeddable":true,"href":"https:\/\/foraivisibility.com\/en\/wp-json\/wp\/v2\/comments?post=1723"}],"version-history":[{"count":2,"href":"https:\/\/foraivisibility.com\/en\/wp-json\/wp\/v2\/pages\/1723\/revisions"}],"predecessor-version":[{"id":1725,"href":"https:\/\/foraivisibility.com\/en\/wp-json\/wp\/v2\/pages\/1723\/revisions\/1725"}],"wp:featuredmedia":[{"embeddable":true,"href":"https:\/\/foraivisibility.com\/en\/wp-json\/wp\/v2\/media\/464"}],"wp:attachment":[{"href":"https:\/\/foraivisibility.com\/en\/wp-json\/wp\/v2\/media?parent=1723"}],"curies":[{"name":"wp","href":"https:\/\/api.w.org\/{rel}","templated":true}]}}